{"id":88,"date":"2021-12-11T19:36:22","date_gmt":"2021-12-11T19:36:22","guid":{"rendered":"https:\/\/aero-club.eu\/public\/wordpress\/?page_id=88"},"modified":"2025-04-22T09:08:57","modified_gmt":"2025-04-22T09:08:57","slug":"schnupper-und-gastfluege","status":"publish","type":"page","link":"https:\/\/aero-club.eu\/public\/wordpress\/?page_id=88","title":{"rendered":"Einf\u00fchrungsfl\u00fcge"},"content":{"rendered":"\n<p>Wenn du einfach einmal mitfliegen willst, um zu sehen, ob das (Segel-)Fliegen \u00fcberhaupt etwas f\u00fcr dich ist, kannst du in unserer Gastst\u00e4tte &#8222;Looping&#8220; einen Gutschein erwerben, oder dich an einem Flugbetriebstag am Startplatz bei uns melden und einen solchen Einf\u00fchrungs- oder Schnupperflug vereinbaren. WICHTIG: Alle Einf\u00fchrungsfl\u00fcge nur gegen Barzahlung!. Wenn du einem anderen Menschen mit solch einem Flug eine Freude machen willst, weil du wei\u00dft, dass der- oder diejenige schon lange mit dem Hobby &#8222;Fliegen&#8220; lieb\u00e4ugelt, kannst du im &#8222;Looping&#8220; auch einen Gutschein zum Verschenken bei uns kaufen. Sobald du einen Gutschein erworben hast, melde dich bitte unter info@aero-club.eu bei uns, teile uns deinen Namen, deine telefonische Erreichbarkeit und die Art des erworbenen Gutscheines mit (Motor-, Segel- UL-Flug&#8230;). Zur Vereinbarung eines Termins meldet sich dann ein Pilot bei dir..<\/p>\n\n\n\n<p>Der Einf\u00fchrungsflug wird in unseren Vereinsflugbetrieb integriert. Bring daher bitte etwas Zeit mit.<\/p>\n\n\n\n<p><strong>Bitte habe auch Verst\u00e4ndnis daf\u00fcr, dass wir Einf\u00fchrungsfl\u00fcge an einem bestimmten Tag oder Termin nicht garantieren k\u00f6nnen.<\/strong><\/p>\n\n\n\n<ul class=\"wp-block-list\">\n<li>Segelflug mit Windenstart 30 \u20ac (ca. 5 &#8211; 30 min; wetterabh\u00e4ngig)<\/li>\n\n\n\n<li>Segelflug mit Flugzeugschlepp 600m 70 \u20ac (ca. 15 &#8211; 30 min; wetterabh\u00e4ngig)<\/li>\n\n\n\n<li>Motorflug (Piper oder Ikarus) 30 min: 80 \u20ac<\/li>\n\n\n\n<li>Motorflug (Piper oder Ikarus) 60 min: 160 \u20ac<\/li>\n\n\n\n<li>jede weiteren 30 min im Motorflug 80 \u20ac (je nach Verf\u00fcgbarkeit)<\/li>\n<\/ul>\n\n\n\n<p><strong>Schnupperkurs Segelfliegen:<\/strong><\/p>\n\n\n\n<p>3 Schnupperfl\u00fcge (1 F-Schlepp 600m und 2 Windenstarts) im vorderen Pilotensitz<br>Theoretische und praktische Einweisung durch einen Fluglehrer<br>Kosten: 200 \u20ac, bei anschlie\u00dfendem Eintritt in den Verein 100 \u20ac Gutschrift<\/p>\n\n\n\n<p>Hier findest du die erforderlichen Unterlagen &#8222;Schnupperkurs&#8220; zum Download <\/p>\n\n\n\n<div class=\"wp-block-buttons is-horizontal is-content-justification-center is-layout-flex wp-container-core-buttons-is-layout-499968f5 wp-block-buttons-is-layout-flex\">\n<div class=\"wp-block-button\"><a class=\"wp-block-button__link wp-element-button\" href=\"https:\/\/aero-club.eu\/public\/wordpress\/wp-content\/uploads\/2022\/12\/AEC-GO-Anlage-13-BRE-Schnupperkurse.pdf\" target=\"_blank\" rel=\"noreferrer noopener\">Schnupperkurs<\/a><\/div>\n<\/div>\n","protected":false},"excerpt":{"rendered":"<p>Wenn du einfach einmal mitfliegen willst, um zu sehen, ob das (Segel-)Fliegen \u00fcberhaupt etwas f\u00fcr dich ist, kannst du in unserer Gastst\u00e4tte &#8222;Looping&#8220; einen Gutschein erwerben, oder dich an einem Flugbetriebstag am Startplatz bei uns melden und einen solchen Einf\u00fchrungs- oder Schnupperflug vereinbaren. WICHTIG: Alle Einf\u00fchrungsfl\u00fcge nur gegen Barzahlung!. Wenn du einem anderen Menschen mit &hellip; <\/p>\n<p class=\"link-more\"><a href=\"https:\/\/aero-club.eu\/public\/wordpress\/?page_id=88\" class=\"more-link\">Mehr <span class=\"screen-reader-text\">\u00fcber &#8222;Einf\u00fchrungsfl\u00fcge&#8220; <\/span>Lesen<\/a><\/p>\n","protected":false},"author":1,"featured_media":357,"parent":0,"menu_order":0,"comment_status":"closed","ping_status":"closed","template":"","meta":{"footnotes":""},"class_list":["post-88","page","type-page","status-publish","has-post-thumbnail","hentry"],"_links":{"self":[{"href":"https:\/\/aero-club.eu\/public\/wordpress\/index.php?rest_route=\/wp\/v2\/pages\/88","targetHints":{"allow":["GET"]}}],"collection":[{"href":"https:\/\/aero-club.eu\/public\/wordpress\/index.php?rest_route=\/wp\/v2\/pages"}],"about":[{"href":"https:\/\/aero-club.eu\/public\/wordpress\/index.php?rest_route=\/wp\/v2\/types\/page"}],"author":[{"embeddable":true,"href":"https:\/\/aero-club.eu\/public\/wordpress\/index.php?rest_route=\/wp\/v2\/users\/1"}],"replies":[{"embeddable":true,"href":"https:\/\/aero-club.eu\/public\/wordpress\/index.php?rest_route=%2Fwp%2Fv2%2Fcomments&post=88"}],"version-history":[{"count":24,"href":"https:\/\/aero-club.eu\/public\/wordpress\/index.php?rest_route=\/wp\/v2\/pages\/88\/revisions"}],"predecessor-version":[{"id":984,"href":"https:\/\/aero-club.eu\/public\/wordpress\/index.php?rest_route=\/wp\/v2\/pages\/88\/revisions\/984"}],"wp:featuredmedia":[{"embeddable":true,"href":"https:\/\/aero-club.eu\/public\/wordpress\/index.php?rest_route=\/wp\/v2\/media\/357"}],"wp:attachment":[{"href":"https:\/\/aero-club.eu\/public\/wordpress\/index.php?rest_route=%2Fwp%2Fv2%2Fmedia&parent=88"}],"curies":[{"name":"wp","href":"https:\/\/api.w.org\/{rel}","templated":true}]}}